{"id":137,"date":"2024-05-11T07:36:55","date_gmt":"2024-05-11T07:36:55","guid":{"rendered":"http:\/\/bestofphuket.eu\/?page_id=137"},"modified":"2024-12-23T12:18:30","modified_gmt":"2024-12-23T12:18:30","slug":"welcome","status":"publish","type":"page","link":"https:\/\/www.bestin-phuket.com\/sk\/","title":{"rendered":"Vitajte! Vyberte si, pros\u00edm, svoj jazyk:"},"content":{"rendered":"<div data-elementor-type=\"wp-page\" data-elementor-id=\"137\" class=\"elementor elementor-137\">\n\t\t\t\t\t\t<section class=\"elementor-section elementor-top-section elementor-element elementor-element-7bfdb7c elementor-section-boxed elementor-section-height-default elementor-section-height-default\" data-id=\"7bfdb7c\" data-element_type=\"section\" data-e-type=\"section\" data-settings=\"{&quot;jet_parallax_layout_list&quot;:[]}\">\n\t\t\t\t\t\t<div class=\"elementor-container elementor-column-gap-default\">\n\t\t\t\t\t<div class=\"elementor-column elementor-col-100 elementor-top-column elementor-element elementor-element-bbb2c09\" data-id=\"bbb2c09\" data-element_type=\"column\" data-e-type=\"column\">\n\t\t\t<div class=\"elementor-widget-wrap elementor-element-populated\">\n\t\t\t\t\t\t<div class=\"elementor-element elementor-element-ac8b9dd elementor-invisible elementor-widget elementor-widget-heading\" data-id=\"ac8b9dd\" data-element_type=\"widget\" data-e-type=\"widget\" data-settings=\"{&quot;_animation&quot;:&quot;fadeInDown&quot;}\" data-widget_type=\"heading.default\">\n\t\t\t\t<div class=\"elementor-widget-container\">\n\t\t\t\t\t<h2 class=\"elementor-heading-title elementor-size-default\">Vitajte na<\/h2>\t\t\t\t<\/div>\n\t\t\t\t<\/div>\n\t\t\t\t<div class=\"elementor-element elementor-element-27edd57 elementor-widget elementor-widget-heading\" data-id=\"27edd57\" data-element_type=\"widget\" data-e-type=\"widget\" data-widget_type=\"heading.default\">\n\t\t\t\t<div class=\"elementor-widget-container\">\n\t\t\t\t\t<h1 class=\"elementor-heading-title elementor-size-default\">Ak chcete n\u00e1js\u0165 najlep\u0161\u00ed pren\u00e1jom v Phukete pre v\u00e1s, vyberte jazyk :<\/h1>\t\t\t\t<\/div>\n\t\t\t\t<\/div>\n\t\t\t\t\t<\/div>\n\t\t<\/div>\n\t\t\t\t\t<\/div>\n\t\t<\/section>\n\t\t<div class=\"elementor-element elementor-element-47929e4 e-flex e-con-boxed e-con e-parent\" data-id=\"47929e4\" data-element_type=\"container\" data-e-type=\"container\" data-settings=\"{&quot;jet_parallax_layout_list&quot;:[]}\">\n\t\t\t\t\t<div class=\"e-con-inner\">\n\t\t<div class=\"elementor-element elementor-element-4144216 e-con-full e-flex e-con e-child\" data-id=\"4144216\" data-element_type=\"container\" data-e-type=\"container\" data-settings=\"{&quot;jet_parallax_layout_list&quot;:[]}\">\n\t\t\t\t<div class=\"elementor-element elementor-element-f724674 elementor-widget elementor-widget-image\" data-id=\"f724674\" data-element_type=\"widget\" data-e-type=\"widget\" data-widget_type=\"image.default\">\n\t\t\t\t<div class=\"elementor-widget-container\">\n\t\t\t\t\t\t\t\t\t\t\t\t\t\t\t\t<a href=\"\/en\">\n\t\t\t\t\t\t\t<img fetchpriority=\"high\" decoding=\"async\" width=\"300\" height=\"200\" src=\"https:\/\/www.bestin-phuket.com\/wp-content\/uploads\/2024\/05\/gb.png\" class=\"attachment-kava-thumb-m size-kava-thumb-m wp-image-148\" alt=\"\" \/>\t\t\t\t\t\t\t\t<\/a>\n\t\t\t\t\t\t\t\t\t\t\t\t\t\t\t<\/div>\n\t\t\t\t<\/div>\n\t\t\t\t<\/div>\n\t\t<div class=\"elementor-element elementor-element-5bd467a e-con-full e-flex e-con e-child\" data-id=\"5bd467a\" data-element_type=\"container\" data-e-type=\"container\" data-settings=\"{&quot;jet_parallax_layout_list&quot;:[]}\">\n\t\t\t\t<div class=\"elementor-element elementor-element-492bbd7 elementor-widget elementor-widget-image\" data-id=\"492bbd7\" data-element_type=\"widget\" data-e-type=\"widget\" data-widget_type=\"image.default\">\n\t\t\t\t<div class=\"elementor-widget-container\">\n\t\t\t\t\t\t\t\t\t\t\t\t\t\t\t\t<a href=\"\/en\">\n\t\t\t\t\t\t\t<img decoding=\"async\" width=\"300\" height=\"200\" src=\"https:\/\/www.bestin-phuket.com\/wp-content\/uploads\/2024\/05\/us-1.png\" class=\"attachment-kava-thumb-m size-kava-thumb-m wp-image-145\" alt=\"vlajka na bestofphuket pren\u00e1jom, pren\u00e1jom domu, pren\u00e1jom bytu, pren\u00e1jom bytu, pren\u00e1jom vily s baz\u00e9nom v Phukete, Karon, Kata, Rawai, Patong, Nai Harn, Chalong\" \/>\t\t\t\t\t\t\t\t<\/a>\n\t\t\t\t\t\t\t\t\t\t\t\t\t\t\t<\/div>\n\t\t\t\t<\/div>\n\t\t\t\t<\/div>\n\t\t\t\t\t<\/div>\n\t\t\t\t<\/div>\n\t\t<div class=\"elementor-element elementor-element-911850e e-flex e-con-boxed e-con e-parent\" data-id=\"911850e\" data-element_type=\"container\" data-e-type=\"container\" data-settings=\"{&quot;jet_parallax_layout_list&quot;:[]}\">\n\t\t\t\t\t<div class=\"e-con-inner\">\n\t\t<div class=\"elementor-element elementor-element-89752ef e-con-full e-flex e-con e-child\" data-id=\"89752ef\" data-element_type=\"container\" data-e-type=\"container\" data-settings=\"{&quot;jet_parallax_layout_list&quot;:[]}\">\n\t\t\t\t<div class=\"elementor-element elementor-element-808f397 elementor-widget elementor-widget-image\" data-id=\"808f397\" data-element_type=\"widget\" data-e-type=\"widget\" data-widget_type=\"image.default\">\n\t\t\t\t<div class=\"elementor-widget-container\">\n\t\t\t\t\t\t\t\t\t\t\t\t\t\t\t\t<a href=\"\/ru\">\n\t\t\t\t\t\t\t<img decoding=\"async\" width=\"300\" height=\"200\" src=\"https:\/\/www.bestin-phuket.com\/wp-content\/uploads\/2024\/05\/ua.png\" class=\"attachment-kava-thumb-m size-kava-thumb-m wp-image-144\" alt=\"vlajka na bestofphuket pren\u00e1jom, pren\u00e1jom domu, pren\u00e1jom bytu, pren\u00e1jom bytu, pren\u00e1jom vily s baz\u00e9nom v Phukete, Karon, Kata, Rawai, Patong, Nai Harn, Chalong\" \/>\t\t\t\t\t\t\t\t<\/a>\n\t\t\t\t\t\t\t\t\t\t\t\t\t\t\t<\/div>\n\t\t\t\t<\/div>\n\t\t\t\t<\/div>\n\t\t<div class=\"elementor-element elementor-element-75052d9 e-con-full e-flex e-con e-child\" data-id=\"75052d9\" data-element_type=\"container\" data-e-type=\"container\" data-settings=\"{&quot;jet_parallax_layout_list&quot;:[]}\">\n\t\t\t\t<div class=\"elementor-element elementor-element-ccd09c7 elementor-widget elementor-widget-image\" data-id=\"ccd09c7\" data-element_type=\"widget\" data-e-type=\"widget\" data-widget_type=\"image.default\">\n\t\t\t\t<div class=\"elementor-widget-container\">\n\t\t\t\t\t\t\t\t\t\t\t\t\t\t\t\t<a href=\"\/ru\">\n\t\t\t\t\t\t\t<img loading=\"lazy\" decoding=\"async\" width=\"298\" height=\"200\" src=\"https:\/\/www.bestin-phuket.com\/wp-content\/uploads\/2024\/05\/rus-1.png\" class=\"attachment-kava-thumb-m size-kava-thumb-m wp-image-142\" alt=\"vlajka na bestofphuket pren\u00e1jom, pren\u00e1jom domu, pren\u00e1jom bytu, pren\u00e1jom bytu, pren\u00e1jom vily s baz\u00e9nom v Phukete, Karon, Kata, Rawai, Patong, Nai Harn, Chalong\" \/>\t\t\t\t\t\t\t\t<\/a>\n\t\t\t\t\t\t\t\t\t\t\t\t\t\t\t<\/div>\n\t\t\t\t<\/div>\n\t\t\t\t<\/div>\n\t\t\t\t\t<\/div>\n\t\t\t\t<\/div>\n\t\t<div class=\"elementor-element elementor-element-2dfa20b e-flex e-con-boxed e-con e-parent\" data-id=\"2dfa20b\" data-element_type=\"container\" data-e-type=\"container\" data-settings=\"{&quot;jet_parallax_layout_list&quot;:[]}\">\n\t\t\t\t\t<div class=\"e-con-inner\">\n\t\t<div class=\"elementor-element elementor-element-52b6179 e-con-full e-flex e-con e-child\" data-id=\"52b6179\" data-element_type=\"container\" data-e-type=\"container\" data-settings=\"{&quot;jet_parallax_layout_list&quot;:[]}\">\n\t\t\t\t<div class=\"elementor-element elementor-element-5e764b5 elementor-widget elementor-widget-image\" data-id=\"5e764b5\" data-element_type=\"widget\" data-e-type=\"widget\" data-widget_type=\"image.default\">\n\t\t\t\t<div class=\"elementor-widget-container\">\n\t\t\t\t\t\t\t\t\t\t\t\t\t\t\t\t<a href=\"\/sk\">\n\t\t\t\t\t\t\t<img loading=\"lazy\" decoding=\"async\" width=\"302\" height=\"200\" src=\"https:\/\/www.bestin-phuket.com\/wp-content\/uploads\/2024\/05\/cz.png\" class=\"attachment-kava-thumb-m size-kava-thumb-m wp-image-146\" alt=\"vlajka na bestofphuket pren\u00e1jom, pren\u00e1jom domu, pren\u00e1jom bytu, pren\u00e1jom bytu, pren\u00e1jom vily s baz\u00e9nom v Phukete, Karon, Kata, Rawai, Patong, Nai Harn, Chalong\" srcset=\"https:\/\/www.bestin-phuket.com\/wp-content\/uploads\/2024\/05\/cz.png 302w, https:\/\/www.bestin-phuket.com\/wp-content\/uploads\/2024\/05\/cz-300x199.png 300w\" sizes=\"(max-width: 302px) 100vw, 302px\" \/>\t\t\t\t\t\t\t\t<\/a>\n\t\t\t\t\t\t\t\t\t\t\t\t\t\t\t<\/div>\n\t\t\t\t<\/div>\n\t\t\t\t<\/div>\n\t\t<div class=\"elementor-element elementor-element-c48d825 e-con-full e-flex e-con e-child\" data-id=\"c48d825\" data-element_type=\"container\" data-e-type=\"container\" data-settings=\"{&quot;jet_parallax_layout_list&quot;:[]}\">\n\t\t\t\t<div class=\"elementor-element elementor-element-32cf927 elementor-widget elementor-widget-image\" data-id=\"32cf927\" data-element_type=\"widget\" data-e-type=\"widget\" data-widget_type=\"image.default\">\n\t\t\t\t<div class=\"elementor-widget-container\">\n\t\t\t\t\t\t\t\t\t\t\t\t\t\t\t\t<a href=\"\/sk\">\n\t\t\t\t\t\t\t<img loading=\"lazy\" decoding=\"async\" width=\"306\" height=\"200\" src=\"https:\/\/www.bestin-phuket.com\/wp-content\/uploads\/2024\/05\/sk.png\" class=\"attachment-kava-thumb-m size-kava-thumb-m wp-image-143\" alt=\"vlajka na bestofphuket pren\u00e1jom, pren\u00e1jom domu, pren\u00e1jom bytu, pren\u00e1jom bytu, pren\u00e1jom vily s baz\u00e9nom v Phukete, Karon, Kata, Rawai, Patong, Nai Harn, Chalong\" srcset=\"https:\/\/www.bestin-phuket.com\/wp-content\/uploads\/2024\/05\/sk.png 306w, https:\/\/www.bestin-phuket.com\/wp-content\/uploads\/2024\/05\/sk-300x196.png 300w\" sizes=\"(max-width: 306px) 100vw, 306px\" \/>\t\t\t\t\t\t\t\t<\/a>\n\t\t\t\t\t\t\t\t\t\t\t\t\t\t\t<\/div>\n\t\t\t\t<\/div>\n\t\t\t\t<\/div>\n\t\t\t\t\t<\/div>\n\t\t\t\t<\/div>\n\t\t\t\t<\/div>","protected":false},"excerpt":{"rendered":"<p>Vitajte Ak chcete n\u00e1js\u0165 najlep\u0161\u00ed pren\u00e1jom v Phukete pre v\u00e1s, vyberte jazyk :<\/p>","protected":false},"author":2,"featured_media":689,"parent":0,"menu_order":0,"comment_status":"closed","ping_status":"closed","template":"","meta":{"footnotes":""},"class_list":["post-137","page","type-page","status-publish","has-post-thumbnail","hentry"],"yoast_head":"<!-- This site is optimized with the Yoast SEO Premium plugin v26.9 (Yoast SEO v27.4) - https:\/\/yoast.com\/product\/yoast-seo-premium-wordpress\/ -->\n<title>Welcome! Select your language, please: - Bestin Phuket<\/title>\n<meta name=\"description\" content=\"Rental of rooms, apartments and offices\" \/>\n<meta name=\"robots\" content=\"index, follow, max-snippet:-1, max-image-preview:large, max-video-preview:-1\" \/>\n<link rel=\"canonical\" href=\"https:\/\/www.bestin-phuket.com\/sk\/\" \/>\n<meta property=\"og:locale\" content=\"sk_SK\" \/>\n<meta property=\"og:type\" content=\"article\" \/>\n<meta property=\"og:title\" content=\"Welcome! Select your language, please:\" \/>\n<meta property=\"og:description\" content=\"Rental of rooms, apartments and offices\" \/>\n<meta property=\"og:url\" content=\"https:\/\/www.bestin-phuket.com\/sk\/\" \/>\n<meta property=\"og:site_name\" content=\"Bestin Phuket\" \/>\n<meta property=\"article:modified_time\" content=\"2024-12-23T12:18:30+00:00\" \/>\n<meta property=\"og:image\" content=\"https:\/\/www.bestin-phuket.com\/wp-content\/uploads\/2024\/05\/2-3.jpg\" \/>\n\t<meta property=\"og:image:width\" content=\"1024\" \/>\n\t<meta property=\"og:image:height\" content=\"768\" \/>\n\t<meta property=\"og:image:type\" content=\"image\/jpeg\" \/>\n<meta name=\"twitter:card\" content=\"summary_large_image\" \/>\n<meta name=\"twitter:label1\" content=\"Predpokladan\u00fd \u010das \u010d\u00edtania\" \/>\n\t<meta name=\"twitter:data1\" content=\"2 min\u00faty\" \/>\n<script type=\"application\/ld+json\" class=\"yoast-schema-graph\">{\"@context\":\"https:\\\/\\\/schema.org\",\"@graph\":[{\"@type\":\"WebPage\",\"@id\":\"https:\\\/\\\/www.bestin-phuket.com\\\/\",\"url\":\"https:\\\/\\\/www.bestin-phuket.com\\\/\",\"name\":\"Welcome! Select your language, please: - Bestin Phuket\",\"isPartOf\":{\"@id\":\"https:\\\/\\\/www.bestin-phuket.com\\\/#website\"},\"primaryImageOfPage\":{\"@id\":\"https:\\\/\\\/www.bestin-phuket.com\\\/#primaryimage\"},\"image\":{\"@id\":\"https:\\\/\\\/www.bestin-phuket.com\\\/#primaryimage\"},\"thumbnailUrl\":\"https:\\\/\\\/www.bestin-phuket.com\\\/wp-content\\\/uploads\\\/2024\\\/05\\\/2-3.jpg\",\"datePublished\":\"2024-05-11T07:36:55+00:00\",\"dateModified\":\"2024-12-23T12:18:30+00:00\",\"description\":\"Rental of rooms, apartments and offices\",\"breadcrumb\":{\"@id\":\"https:\\\/\\\/www.bestin-phuket.com\\\/#breadcrumb\"},\"inLanguage\":\"sk-SK\",\"potentialAction\":[{\"@type\":\"ReadAction\",\"target\":[\"https:\\\/\\\/www.bestin-phuket.com\\\/\"]}]},{\"@type\":\"ImageObject\",\"inLanguage\":\"sk-SK\",\"@id\":\"https:\\\/\\\/www.bestin-phuket.com\\\/#primaryimage\",\"url\":\"https:\\\/\\\/www.bestin-phuket.com\\\/wp-content\\\/uploads\\\/2024\\\/05\\\/2-3.jpg\",\"contentUrl\":\"https:\\\/\\\/www.bestin-phuket.com\\\/wp-content\\\/uploads\\\/2024\\\/05\\\/2-3.jpg\",\"width\":1024,\"height\":768,\"caption\":\"apartments for rent in phuket\"},{\"@type\":\"BreadcrumbList\",\"@id\":\"https:\\\/\\\/www.bestin-phuket.com\\\/#breadcrumb\",\"itemListElement\":[{\"@type\":\"ListItem\",\"position\":1,\"name\":\"Home\",\"item\":\"https:\\\/\\\/www.bestin-phuket.com\\\/\"},{\"@type\":\"ListItem\",\"position\":2,\"name\":\"Welcome! Select your language, please:\"}]},{\"@type\":\"WebSite\",\"@id\":\"https:\\\/\\\/www.bestin-phuket.com\\\/#website\",\"url\":\"https:\\\/\\\/www.bestin-phuket.com\\\/\",\"name\":\"Bestin Phuket\",\"description\":\"Rental of rooms, apartments and offices\",\"potentialAction\":[{\"@type\":\"SearchAction\",\"target\":{\"@type\":\"EntryPoint\",\"urlTemplate\":\"https:\\\/\\\/www.bestin-phuket.com\\\/?s={search_term_string}\"},\"query-input\":{\"@type\":\"PropertyValueSpecification\",\"valueRequired\":true,\"valueName\":\"search_term_string\"}}],\"inLanguage\":\"sk-SK\"}]}<\/script>\n<!-- \/ Yoast SEO Premium plugin. -->","yoast_head_json":{"title":"Vitajte! Vyberte si, pros\u00edm, svoj jazyk: - Bestin Phuket","description":"Pren\u00e1jom izieb, bytov a kancel\u00e1ri\u00ed","robots":{"index":"index","follow":"follow","max-snippet":"max-snippet:-1","max-image-preview":"max-image-preview:large","max-video-preview":"max-video-preview:-1"},"canonical":"https:\/\/www.bestin-phuket.com\/sk\/","og_locale":"sk_SK","og_type":"article","og_title":"Welcome! Select your language, please:","og_description":"Rental of rooms, apartments and offices","og_url":"https:\/\/www.bestin-phuket.com\/sk\/","og_site_name":"Bestin Phuket","article_modified_time":"2024-12-23T12:18:30+00:00","og_image":[{"width":1024,"height":768,"url":"https:\/\/www.bestin-phuket.com\/wp-content\/uploads\/2024\/05\/2-3.jpg","type":"image\/jpeg"}],"twitter_card":"summary_large_image","twitter_misc":{"Predpokladan\u00fd \u010das \u010d\u00edtania":"2 min\u00faty"},"schema":{"@context":"https:\/\/schema.org","@graph":[{"@type":"WebPage","@id":"https:\/\/www.bestin-phuket.com\/","url":"https:\/\/www.bestin-phuket.com\/","name":"Vitajte! Vyberte si, pros\u00edm, svoj jazyk: - Bestin Phuket","isPartOf":{"@id":"https:\/\/www.bestin-phuket.com\/#website"},"primaryImageOfPage":{"@id":"https:\/\/www.bestin-phuket.com\/#primaryimage"},"image":{"@id":"https:\/\/www.bestin-phuket.com\/#primaryimage"},"thumbnailUrl":"https:\/\/www.bestin-phuket.com\/wp-content\/uploads\/2024\/05\/2-3.jpg","datePublished":"2024-05-11T07:36:55+00:00","dateModified":"2024-12-23T12:18:30+00:00","description":"Pren\u00e1jom izieb, bytov a kancel\u00e1ri\u00ed","breadcrumb":{"@id":"https:\/\/www.bestin-phuket.com\/#breadcrumb"},"inLanguage":"sk-SK","potentialAction":[{"@type":"ReadAction","target":["https:\/\/www.bestin-phuket.com\/"]}]},{"@type":"ImageObject","inLanguage":"sk-SK","@id":"https:\/\/www.bestin-phuket.com\/#primaryimage","url":"https:\/\/www.bestin-phuket.com\/wp-content\/uploads\/2024\/05\/2-3.jpg","contentUrl":"https:\/\/www.bestin-phuket.com\/wp-content\/uploads\/2024\/05\/2-3.jpg","width":1024,"height":768,"caption":"apartments for rent in phuket"},{"@type":"BreadcrumbList","@id":"https:\/\/www.bestin-phuket.com\/#breadcrumb","itemListElement":[{"@type":"ListItem","position":1,"name":"Home","item":"https:\/\/www.bestin-phuket.com\/"},{"@type":"ListItem","position":2,"name":"Welcome! Select your language, please:"}]},{"@type":"WebSite","@id":"https:\/\/www.bestin-phuket.com\/#website","url":"https:\/\/www.bestin-phuket.com\/","name":"Bestin Phuket","description":"Pren\u00e1jom izieb, bytov a kancel\u00e1ri\u00ed","potentialAction":[{"@type":"SearchAction","target":{"@type":"EntryPoint","urlTemplate":"https:\/\/www.bestin-phuket.com\/?s={search_term_string}"},"query-input":{"@type":"PropertyValueSpecification","valueRequired":true,"valueName":"search_term_string"}}],"inLanguage":"sk-SK"}]}},"_links":{"self":[{"href":"https:\/\/www.bestin-phuket.com\/sk\/wp-json\/wp\/v2\/pages\/137","targetHints":{"allow":["GET"]}}],"collection":[{"href":"https:\/\/www.bestin-phuket.com\/sk\/wp-json\/wp\/v2\/pages"}],"about":[{"href":"https:\/\/www.bestin-phuket.com\/sk\/wp-json\/wp\/v2\/types\/page"}],"author":[{"embeddable":true,"href":"https:\/\/www.bestin-phuket.com\/sk\/wp-json\/wp\/v2\/users\/2"}],"replies":[{"embeddable":true,"href":"https:\/\/www.bestin-phuket.com\/sk\/wp-json\/wp\/v2\/comments?post=137"}],"version-history":[{"count":33,"href":"https:\/\/www.bestin-phuket.com\/sk\/wp-json\/wp\/v2\/pages\/137\/revisions"}],"predecessor-version":[{"id":1958,"href":"https:\/\/www.bestin-phuket.com\/sk\/wp-json\/wp\/v2\/pages\/137\/revisions\/1958"}],"wp:featuredmedia":[{"embeddable":true,"href":"https:\/\/www.bestin-phuket.com\/sk\/wp-json\/wp\/v2\/media\/689"}],"wp:attachment":[{"href":"https:\/\/www.bestin-phuket.com\/sk\/wp-json\/wp\/v2\/media?parent=137"}],"curies":[{"name":"wp","href":"https:\/\/api.w.org\/{rel}","templated":true}]}}